{"id":84,"date":"2026-03-16T17:17:09","date_gmt":"2026-03-16T17:17:09","guid":{"rendered":"https:\/\/drakarolinnaugarte.com\/?page_id=84"},"modified":"2026-03-16T17:17:10","modified_gmt":"2026-03-16T17:17:10","slug":"diu","status":"publish","type":"page","link":"https:\/\/drakarolinnaugarte.com\/?page_id=84","title":{"rendered":"DIU"},"content":{"rendered":"\n<div class=\"wp-block-group alignfull has-global-padding is-layout-constrained wp-block-group-is-layout-constrained\" style=\"margin-top:0;margin-bottom:0;padding-top:var(--wp--preset--spacing--50);padding-bottom:var(--wp--preset--spacing--50)\">\n<div class=\"wp-block-columns alignwide is-layout-flex wp-container-core-columns-is-layout-fa584acd wp-block-columns-is-layout-flex\">\n<div class=\"wp-block-column is-vertically-aligned-center is-layout-flow wp-block-column-is-layout-flow\">\n<h2 class=\"wp-block-heading has-text-align-center has-xx-large-font-size\">Dispositivo intrauterino<\/h2>\n\n\n\n<p class=\"has-text-align-center has-medium-font-size\">Oferecemos em consulta a realiza\u00e7\u00e3o do procedimento de inser\u00e7\u00e3o do DIU, um m\u00e9todo contraceptivo seguro, eficaz e de longa dura\u00e7\u00e3o. Existem dois principais tipos de DIU: o DIU de cobre, que n\u00e3o possui horm\u00f4nios, e o DIU hormonal, que libera pequenas quantidades de horm\u00f4nio e pode tamb\u00e9m auxiliar na redu\u00e7\u00e3o do fluxo menstrual e das c\u00f3licas. A escolha do tipo mais adequado \u00e9 feita ap\u00f3s avalia\u00e7\u00e3o individual de cada paciente.<\/p>\n<\/div>\n\n\n\n<div class=\"wp-block-column is-vertically-aligned-center is-layout-flow wp-block-column-is-layout-flow\">\n<figure class=\"wp-block-image size-full\"><img loading=\"lazy\" decoding=\"async\" width=\"800\" height=\"600\" src=\"https:\/\/drakarolinnaugarte.com\/wp-content\/uploads\/2026\/03\/DiuCobre.jpg\" alt=\"\" class=\"wp-image-85\" style=\"aspect-ratio:1;object-fit:cover\" srcset=\"https:\/\/drakarolinnaugarte.com\/wp-content\/uploads\/2026\/03\/DiuCobre.jpg 800w, https:\/\/drakarolinnaugarte.com\/wp-content\/uploads\/2026\/03\/DiuCobre-300x225.jpg 300w, https:\/\/drakarolinnaugarte.com\/wp-content\/uploads\/2026\/03\/DiuCobre-768x576.jpg 768w\" sizes=\"auto, (max-width: 800px) 100vw, 800px\" \/><\/figure>\n<\/div>\n<\/div>\n<\/div>\n","protected":false},"excerpt":{"rendered":"<p>Dispositivo intrauterino Oferecemos em consulta a realiza\u00e7\u00e3o do procedimento de inser\u00e7\u00e3o do DIU, um m\u00e9todo contraceptivo seguro, eficaz e de longa dura\u00e7\u00e3o. Existem dois principais tipos de DIU: o DIU de cobre, que n\u00e3o possui horm\u00f4nios, e o DIU hormonal, que libera pequenas quantidades de horm\u00f4nio e pode tamb\u00e9m auxiliar na redu\u00e7\u00e3o do fluxo menstrual [&hellip;]<\/p>\n","protected":false},"author":1,"featured_media":0,"parent":0,"menu_order":0,"comment_status":"closed","ping_status":"closed","template":"","meta":{"footnotes":""},"class_list":["post-84","page","type-page","status-publish","hentry"],"_hostinger_reach_plugin_has_subscription_block":false,"_hostinger_reach_plugin_is_elementor":false,"_links":{"self":[{"href":"https:\/\/drakarolinnaugarte.com\/index.php?rest_route=\/wp\/v2\/pages\/84","targetHints":{"allow":["GET"]}}],"collection":[{"href":"https:\/\/drakarolinnaugarte.com\/index.php?rest_route=\/wp\/v2\/pages"}],"about":[{"href":"https:\/\/drakarolinnaugarte.com\/index.php?rest_route=\/wp\/v2\/types\/page"}],"author":[{"embeddable":true,"href":"https:\/\/drakarolinnaugarte.com\/index.php?rest_route=\/wp\/v2\/users\/1"}],"replies":[{"embeddable":true,"href":"https:\/\/drakarolinnaugarte.com\/index.php?rest_route=%2Fwp%2Fv2%2Fcomments&post=84"}],"version-history":[{"count":1,"href":"https:\/\/drakarolinnaugarte.com\/index.php?rest_route=\/wp\/v2\/pages\/84\/revisions"}],"predecessor-version":[{"id":86,"href":"https:\/\/drakarolinnaugarte.com\/index.php?rest_route=\/wp\/v2\/pages\/84\/revisions\/86"}],"wp:attachment":[{"href":"https:\/\/drakarolinnaugarte.com\/index.php?rest_route=%2Fwp%2Fv2%2Fmedia&parent=84"}],"curies":[{"name":"wp","href":"https:\/\/api.w.org\/{rel}","templated":true}]}}