{"id":77,"date":"2026-03-16T17:11:15","date_gmt":"2026-03-16T17:11:15","guid":{"rendered":"https:\/\/drakarolinnaugarte.com\/?page_id=77"},"modified":"2026-03-16T17:25:01","modified_gmt":"2026-03-16T17:25:01","slug":"contracepcao","status":"publish","type":"page","link":"https:\/\/drakarolinnaugarte.com\/?page_id=77","title":{"rendered":"Contracep\u00e7\u00e3o"},"content":{"rendered":"\n<div class=\"wp-block-group alignfull has-global-padding is-layout-constrained wp-block-group-is-layout-constrained\" style=\"margin-top:0;margin-bottom:0\">\n<div class=\"wp-block-columns alignfull is-layout-flex wp-container-core-columns-is-layout-9c22b1e3 wp-block-columns-is-layout-flex\">\n<div class=\"wp-block-column is-layout-flow wp-block-column-is-layout-flow\" style=\"flex-basis:55%\">\n<div style=\"aspect-ratio:1;min-height:unset;\" class=\"wp-block-cover is-light has-aspect-ratio\"><img loading=\"lazy\" decoding=\"async\" width=\"2000\" height=\"1333\" class=\"wp-block-cover__image-background wp-image-80 size-full\" alt=\"\" src=\"https:\/\/drakarolinnaugarte.com\/wp-content\/uploads\/2026\/03\/diu-mirena.png\" data-object-fit=\"cover\" srcset=\"https:\/\/drakarolinnaugarte.com\/wp-content\/uploads\/2026\/03\/diu-mirena.png 2000w, https:\/\/drakarolinnaugarte.com\/wp-content\/uploads\/2026\/03\/diu-mirena-300x200.png 300w, https:\/\/drakarolinnaugarte.com\/wp-content\/uploads\/2026\/03\/diu-mirena-1024x682.png 1024w, https:\/\/drakarolinnaugarte.com\/wp-content\/uploads\/2026\/03\/diu-mirena-768x512.png 768w, https:\/\/drakarolinnaugarte.com\/wp-content\/uploads\/2026\/03\/diu-mirena-1536x1024.png 1536w\" sizes=\"auto, (max-width: 2000px) 100vw, 2000px\" \/><span aria-hidden=\"true\" class=\"wp-block-cover__background has-background-dim-0 has-background-dim\" style=\"background-color:#b79c8e\"><\/span><div class=\"wp-block-cover__inner-container is-layout-flow wp-block-cover-is-layout-flow\">\n<div style=\"height:var(--wp--preset--spacing--20)\" aria-hidden=\"true\" class=\"wp-block-spacer\"><\/div>\n<\/div><\/div>\n<\/div>\n\n\n\n<div class=\"wp-block-column is-vertically-aligned-center is-layout-flow wp-block-column-is-layout-flow\" style=\"padding-top:var(--wp--preset--spacing--60);padding-right:var(--wp--preset--spacing--60);padding-bottom:var(--wp--preset--spacing--60);padding-left:var(--wp--preset--spacing--60)\">\n<h2 class=\"wp-block-heading has-xx-large-font-size\">Cuidando do Futuro: Planejamento Familiar<\/h2>\n\n\n\n<p>A contracep\u00e7\u00e3o \u00e9 uma parte fundamental do planejamento familiar, permitindo que mulheres e casais decidam de forma consciente se desejam ter filhos e em qual momento da vida. O acesso \u00e0 informa\u00e7\u00e3o e aos m\u00e9todos contraceptivos contribui para a autonomia reprodutiva, para a preven\u00e7\u00e3o de gesta\u00e7\u00f5es n\u00e3o planejadas e para a promo\u00e7\u00e3o da sa\u00fade da mulher, possibilitando escolhas seguras e adequadas \u00e0 realidade de cada pessoa.<\/p>\n<\/div>\n<\/div>\n<\/div>\n\n\n\n<div class=\"wp-block-group alignfull has-global-padding is-layout-constrained wp-container-core-group-is-layout-54af5b55 wp-block-group-is-layout-constrained\" style=\"margin-top:0;margin-bottom:0;padding-top:var(--wp--preset--spacing--60);padding-bottom:var(--wp--preset--spacing--60)\">\n<h2 class=\"wp-block-heading alignwide has-text-align-center has-x-large-font-size\">Saiba mais.<\/h2>\n\n\n\n<div class=\"wp-block-buttons alignwide has-custom-font-size has-medium-font-size is-content-justification-center is-layout-flex wp-container-core-buttons-is-layout-c124d1c4 wp-block-buttons-is-layout-flex\">\n<div class=\"wp-block-button\"><a class=\"wp-block-button__link wp-element-button\" href=\"https:\/\/drakarolinnaugarte.com\/diu\/\">DIU<\/a><\/div>\n\n\n\n<div class=\"wp-block-button\"><a class=\"wp-block-button__link wp-element-button\" href=\"https:\/\/drakarolinnaugarte.com\/implanon\/\">Implanon<\/a><\/div>\n\n\n\n<div class=\"wp-block-button\"><a class=\"wp-block-button__link wp-element-button\">ACO Combinado<\/a><\/div>\n\n\n\n<div class=\"wp-block-button\"><a class=\"wp-block-button__link wp-element-button\">ACO Isolado<\/a><\/div>\n\n\n\n<div class=\"wp-block-button\"><a class=\"wp-block-button__link wp-element-button\">Injet\u00e1vel mensal<\/a><\/div>\n\n\n\n<div class=\"wp-block-button\"><a class=\"wp-block-button__link wp-element-button\">Injet\u00e1vel trimestral<\/a><\/div>\n<\/div>\n<\/div>\n","protected":false},"excerpt":{"rendered":"<p>Cuidando do Futuro: Planejamento Familiar A contracep\u00e7\u00e3o \u00e9 uma parte fundamental do planejamento familiar, permitindo que mulheres e casais decidam de forma consciente se desejam ter filhos e em qual momento da vida. O acesso \u00e0 informa\u00e7\u00e3o e aos m\u00e9todos contraceptivos contribui para a autonomia reprodutiva, para a preven\u00e7\u00e3o de gesta\u00e7\u00f5es n\u00e3o planejadas e para [&hellip;]<\/p>\n","protected":false},"author":1,"featured_media":0,"parent":0,"menu_order":0,"comment_status":"closed","ping_status":"closed","template":"","meta":{"footnotes":""},"class_list":["post-77","page","type-page","status-publish","hentry"],"_hostinger_reach_plugin_has_subscription_block":false,"_hostinger_reach_plugin_is_elementor":false,"_links":{"self":[{"href":"https:\/\/drakarolinnaugarte.com\/index.php?rest_route=\/wp\/v2\/pages\/77","targetHints":{"allow":["GET"]}}],"collection":[{"href":"https:\/\/drakarolinnaugarte.com\/index.php?rest_route=\/wp\/v2\/pages"}],"about":[{"href":"https:\/\/drakarolinnaugarte.com\/index.php?rest_route=\/wp\/v2\/types\/page"}],"author":[{"embeddable":true,"href":"https:\/\/drakarolinnaugarte.com\/index.php?rest_route=\/wp\/v2\/users\/1"}],"replies":[{"embeddable":true,"href":"https:\/\/drakarolinnaugarte.com\/index.php?rest_route=%2Fwp%2Fv2%2Fcomments&post=77"}],"version-history":[{"count":2,"href":"https:\/\/drakarolinnaugarte.com\/index.php?rest_route=\/wp\/v2\/pages\/77\/revisions"}],"predecessor-version":[{"id":91,"href":"https:\/\/drakarolinnaugarte.com\/index.php?rest_route=\/wp\/v2\/pages\/77\/revisions\/91"}],"wp:attachment":[{"href":"https:\/\/drakarolinnaugarte.com\/index.php?rest_route=%2Fwp%2Fv2%2Fmedia&parent=77"}],"curies":[{"name":"wp","href":"https:\/\/api.w.org\/{rel}","templated":true}]}}