{"id":43,"date":"2026-03-13T17:35:54","date_gmt":"2026-03-13T17:35:54","guid":{"rendered":"https:\/\/drakarolinnaugarte.com\/?page_id=43"},"modified":"2026-03-16T13:18:38","modified_gmt":"2026-03-16T13:18:38","slug":"plano-semestral","status":"publish","type":"page","link":"https:\/\/drakarolinnaugarte.com\/?page_id=43","title":{"rendered":"Plano Semestral."},"content":{"rendered":"\n<div class=\"wp-block-group alignfull is-style-section-1 has-global-padding is-layout-constrained wp-container-core-group-is-layout-cdf985e3 wp-block-group-is-layout-constrained is-style-section-1--1\" style=\"min-height:100vh;margin-top:0;margin-bottom:0;padding-top:var(--wp--preset--spacing--80);padding-right:var(--wp--preset--spacing--80);padding-bottom:var(--wp--preset--spacing--80);padding-left:var(--wp--preset--spacing--80)\">\n<div class=\"wp-block-group alignwide has-global-padding is-layout-constrained wp-block-group-is-layout-constrained\">\n<div class=\"wp-block-columns alignwide are-vertically-aligned-center is-style-default is-layout-flex wp-container-core-columns-is-layout-643ced6b wp-block-columns-is-layout-flex\">\n<div class=\"wp-block-column is-vertically-aligned-center is-layout-flow wp-block-column-is-layout-flow\">\n<div class=\"wp-block-columns is-layout-flex wp-container-core-columns-is-layout-28f84493 wp-block-columns-is-layout-flex\">\n<div class=\"wp-block-column is-layout-flow wp-block-column-is-layout-flow\">\n<h2 class=\"wp-block-heading\"><strong>Plano Semestral<\/strong>.<\/h2>\n\n\n\n<p><strong>Indicado para:<\/strong><\/p>\n\n\n\n<ul class=\"wp-block-list\">\n<li>Mulheres j\u00e1 em acompanhamento, com investiga\u00e7\u00e3o inicial conclu\u00edda ou em fase de ajuste da terapia hormonal.<\/li>\n<\/ul>\n\n\n\n<p><strong>Objetivo: <\/strong><\/p>\n\n\n\n<ul class=\"wp-block-list\">\n<li>Monitorar evolu\u00e7\u00e3o dos sintomas, ajustar a terapia hormonal e avaliar par\u00e2metros metab\u00f3licos e cardiovasculares.<\/li>\n<\/ul>\n<\/div>\n\n\n\n<div class=\"wp-block-column is-layout-flow wp-block-column-is-layout-flow\">\n<p><strong>Inclui:<\/strong><\/p>\n\n\n\n<p><strong>Consultas<\/strong><\/p>\n\n\n\n<ul class=\"wp-block-list\">\n<li>Uma consulta inicial de revis\u00e3o e ajuste do tratamento.<\/li>\n\n\n\n<li>Duas consultas de retorno.<\/li>\n<\/ul>\n\n\n\n<p><strong>Avalia\u00e7\u00e3o Cl\u00ednica<\/strong><\/p>\n\n\n\n<ul class=\"wp-block-list\">\n<li>Revis\u00e3o completa de sintomas menopausais: fogachos, sono, humor, libido e secura vaginal.<\/li>\n\n\n\n<li>Avalia\u00e7\u00e3o de efeitos da terapia hormonal<\/li>\n\n\n\n<li>Avalia\u00e7\u00e3o metab\u00f3lica e cardiovascular<\/li>\n\n\n\n<li>Discuss\u00e3o de h\u00e1bitos de vida e ades\u00e3o \u00e0s orienta\u00e7\u00f5es nutricionais e atividade f\u00edsica.<\/li>\n<\/ul>\n<\/div>\n\n\n\n<div class=\"wp-block-column is-layout-flow wp-block-column-is-layout-flow\">\n<p><strong>Plano Terap\u00eautico<\/strong><\/p>\n\n\n\n<ul class=\"wp-block-list\">\n<li>Terapia hormonal (se indicado)<\/li>\n\n\n\n<li>Ajuste da terapia hormonal conforme resposta cl\u00ednica.<\/li>\n\n\n\n<li>Tratamento n\u00e3o hormonal de sintomas espec\u00edficos (fogachos, secura vaginal, altera\u00e7\u00f5es de humor)<\/li>\n\n\n\n<li>Orienta\u00e7\u00f5es b\u00e1sicas nutricionais e de atividade f\u00edsica.<\/li>\n\n\n\n<li>Refor\u00e7o de medidas de estilo de vida saud\u00e1vel.<\/li>\n<\/ul>\n\n\n\n<p><strong>Acompanhamento<\/strong><\/p>\n\n\n\n<ul class=\"wp-block-list\">\n<li>Avalia\u00e7\u00e3o da evolu\u00e7\u00e3o dos sintomas.<\/li>\n\n\n\n<li>Avalia\u00e7\u00e3o dos efeitos colaterais. <\/li>\n\n\n\n<li>Ajustes terap\u00eauticos individuais.<\/li>\n\n\n\n<li>Monitoramento do impacto da menopausa na sa\u00fade geral<\/li>\n<\/ul>\n<\/div>\n<\/div>\n<\/div>\n<\/div>\n<\/div>\n<\/div>\n\n\n\n<p><\/p>\n","protected":false},"excerpt":{"rendered":"<p>Plano Semestral. Indicado para: Objetivo: Inclui: Consultas Avalia\u00e7\u00e3o Cl\u00ednica Plano Terap\u00eautico Acompanhamento<\/p>\n","protected":false},"author":1,"featured_media":0,"parent":11,"menu_order":0,"comment_status":"closed","ping_status":"closed","template":"","meta":{"footnotes":""},"class_list":["post-43","page","type-page","status-publish","hentry"],"_hostinger_reach_plugin_has_subscription_block":false,"_hostinger_reach_plugin_is_elementor":false,"_links":{"self":[{"href":"https:\/\/drakarolinnaugarte.com\/index.php?rest_route=\/wp\/v2\/pages\/43","targetHints":{"allow":["GET"]}}],"collection":[{"href":"https:\/\/drakarolinnaugarte.com\/index.php?rest_route=\/wp\/v2\/pages"}],"about":[{"href":"https:\/\/drakarolinnaugarte.com\/index.php?rest_route=\/wp\/v2\/types\/page"}],"author":[{"embeddable":true,"href":"https:\/\/drakarolinnaugarte.com\/index.php?rest_route=\/wp\/v2\/users\/1"}],"replies":[{"embeddable":true,"href":"https:\/\/drakarolinnaugarte.com\/index.php?rest_route=%2Fwp%2Fv2%2Fcomments&post=43"}],"version-history":[{"count":6,"href":"https:\/\/drakarolinnaugarte.com\/index.php?rest_route=\/wp\/v2\/pages\/43\/revisions"}],"predecessor-version":[{"id":64,"href":"https:\/\/drakarolinnaugarte.com\/index.php?rest_route=\/wp\/v2\/pages\/43\/revisions\/64"}],"up":[{"embeddable":true,"href":"https:\/\/drakarolinnaugarte.com\/index.php?rest_route=\/wp\/v2\/pages\/11"}],"wp:attachment":[{"href":"https:\/\/drakarolinnaugarte.com\/index.php?rest_route=%2Fwp%2Fv2%2Fmedia&parent=43"}],"curies":[{"name":"wp","href":"https:\/\/api.w.org\/{rel}","templated":true}]}}