{"id":38,"date":"2026-03-12T19:49:58","date_gmt":"2026-03-12T19:49:58","guid":{"rendered":"https:\/\/drakarolinnaugarte.com\/?page_id=38"},"modified":"2026-03-16T13:14:58","modified_gmt":"2026-03-16T13:14:58","slug":"plano-trimestral","status":"publish","type":"page","link":"https:\/\/drakarolinnaugarte.com\/?page_id=38","title":{"rendered":"Plano Trimestral."},"content":{"rendered":"\n<div class=\"wp-block-group alignfull is-style-section-1 has-global-padding is-layout-constrained wp-container-core-group-is-layout-cdf985e3 wp-block-group-is-layout-constrained is-style-section-1--1\" style=\"min-height:100vh;margin-top:0;margin-bottom:0;padding-top:var(--wp--preset--spacing--80);padding-right:var(--wp--preset--spacing--80);padding-bottom:var(--wp--preset--spacing--80);padding-left:var(--wp--preset--spacing--80)\">\n<div class=\"wp-block-columns alignwide are-vertically-aligned-center is-layout-flex wp-container-core-columns-is-layout-643ced6b wp-block-columns-is-layout-flex\">\n<div class=\"wp-block-column is-vertically-aligned-center is-layout-flow wp-block-column-is-layout-flow\">\n<div class=\"wp-block-columns is-layout-flex wp-container-core-columns-is-layout-28f84493 wp-block-columns-is-layout-flex\">\n<div class=\"wp-block-column is-layout-flow wp-block-column-is-layout-flow\" style=\"flex-basis:100%\">\n<div class=\"wp-block-columns is-layout-flex wp-container-core-columns-is-layout-28f84493 wp-block-columns-is-layout-flex\">\n<div class=\"wp-block-column is-layout-flow wp-block-column-is-layout-flow\">\n<h2 class=\"wp-block-heading\"><strong>Plano Trimestral.<\/strong><\/h2>\n\n\n\n<p><strong>Indicado para:<\/strong><\/p>\n\n\n\n<ul class=\"wp-block-list\">\n<li>Mulheres iniciando investiga\u00e7\u00e3o ou tratamento da menopausa.<\/li>\n<\/ul>\n\n\n\n<p><strong>Objetivo:<\/strong><\/p>\n\n\n\n<ul class=\"wp-block-list\">\n<li>Avaliar sintomas, iniciar tratamento e observar a resposta inicial.<\/li>\n<\/ul>\n<\/div>\n\n\n\n<div class=\"wp-block-column is-layout-flow wp-block-column-is-layout-flow\">\n<p><strong>Inclui:<\/strong><\/p>\n\n\n\n<p><strong>Consultas:<\/strong><\/p>\n\n\n\n<ul class=\"wp-block-list\">\n<li>Uma consulta inicial completa.<\/li>\n\n\n\n<li>Uma consulta de retorno em 90 dias.<\/li>\n<\/ul>\n\n\n\n<p><strong>Avalia\u00e7\u00e3o cl\u00ednica:<\/strong><\/p>\n\n\n\n<ul class=\"wp-block-list\">\n<li>Anamnese completa.<\/li>\n\n\n\n<li>Avalia\u00e7\u00e3o hormonal, se necess\u00e1ria.<\/li>\n\n\n\n<li>Avalia\u00e7\u00e3o de sintomas da menopausa.<\/li>\n\n\n\n<li>Avalia\u00e7\u00e3o metab\u00f3lica e cardiovascular.<\/li>\n<\/ul>\n<\/div>\n\n\n\n<div class=\"wp-block-column is-layout-flow wp-block-column-is-layout-flow\">\n<p><strong>Plano terap\u00eautico<\/strong><\/p>\n\n\n\n<ul class=\"wp-block-list\">\n<li>Terapia hormonal, se indicada.<\/li>\n\n\n\n<li>Tratamento n\u00e3o hormonal para fogachos.<\/li>\n\n\n\n<li>Tratamento para secura vaginal.<\/li>\n\n\n\n<li>Orienta\u00e7\u00e3o nutricional b\u00e1sica.<\/li>\n\n\n\n<li>Orienta\u00e7\u00e3o de atividade f\u00edsica.<\/li>\n<\/ul>\n\n\n\n<p><strong>Acompanhamento<\/strong><\/p>\n\n\n\n<ul class=\"wp-block-list\">\n<li>Ajuste inicial da terapia.<\/li>\n\n\n\n<li>Avalia\u00e7\u00e3o de efeitos colaterais.<\/li>\n<\/ul>\n<\/div>\n<\/div>\n<\/div>\n<\/div>\n<\/div>\n<\/div>\n<\/div>\n","protected":false},"excerpt":{"rendered":"<p>Plano Trimestral. Indicado para: Objetivo: Inclui: Consultas: Avalia\u00e7\u00e3o cl\u00ednica: Plano terap\u00eautico Acompanhamento<\/p>\n","protected":false},"author":1,"featured_media":0,"parent":11,"menu_order":0,"comment_status":"closed","ping_status":"closed","template":"","meta":{"footnotes":""},"class_list":["post-38","page","type-page","status-publish","hentry"],"_hostinger_reach_plugin_has_subscription_block":false,"_hostinger_reach_plugin_is_elementor":false,"_links":{"self":[{"href":"https:\/\/drakarolinnaugarte.com\/index.php?rest_route=\/wp\/v2\/pages\/38","targetHints":{"allow":["GET"]}}],"collection":[{"href":"https:\/\/drakarolinnaugarte.com\/index.php?rest_route=\/wp\/v2\/pages"}],"about":[{"href":"https:\/\/drakarolinnaugarte.com\/index.php?rest_route=\/wp\/v2\/types\/page"}],"author":[{"embeddable":true,"href":"https:\/\/drakarolinnaugarte.com\/index.php?rest_route=\/wp\/v2\/users\/1"}],"replies":[{"embeddable":true,"href":"https:\/\/drakarolinnaugarte.com\/index.php?rest_route=%2Fwp%2Fv2%2Fcomments&post=38"}],"version-history":[{"count":3,"href":"https:\/\/drakarolinnaugarte.com\/index.php?rest_route=\/wp\/v2\/pages\/38\/revisions"}],"predecessor-version":[{"id":60,"href":"https:\/\/drakarolinnaugarte.com\/index.php?rest_route=\/wp\/v2\/pages\/38\/revisions\/60"}],"up":[{"embeddable":true,"href":"https:\/\/drakarolinnaugarte.com\/index.php?rest_route=\/wp\/v2\/pages\/11"}],"wp:attachment":[{"href":"https:\/\/drakarolinnaugarte.com\/index.php?rest_route=%2Fwp%2Fv2%2Fmedia&parent=38"}],"curies":[{"name":"wp","href":"https:\/\/api.w.org\/{rel}","templated":true}]}}