{"id":11,"date":"2026-03-12T18:26:33","date_gmt":"2026-03-12T18:26:33","guid":{"rendered":"https:\/\/drakarolinnaugarte.com\/terapia-hormonal\/"},"modified":"2026-03-23T15:46:29","modified_gmt":"2026-03-23T15:46:29","slug":"terapia-hormonal","status":"publish","type":"page","link":"https:\/\/drakarolinnaugarte.com\/?page_id=11","title":{"rendered":"Terapia hormonal"},"content":{"rendered":"\n<div class=\"wp-block-cover alignfull is-light has-contrast-color has-text-color has-link-color wp-elements-c27858e8e886dc23285bd0bcfb38019d\" style=\"margin-top:0;margin-bottom:0;padding-top:var(--wp--preset--spacing--60);padding-right:var(--wp--preset--spacing--50);padding-bottom:var(--wp--preset--spacing--60);padding-left:var(--wp--preset--spacing--50)\"><span aria-hidden=\"true\" class=\"wp-block-cover__background has-base-background-color has-background-dim-100 has-background-dim\"><\/span><div class=\"wp-block-cover__inner-container has-global-padding is-layout-constrained wp-container-core-cover-is-layout-873ee6b1 wp-block-cover-is-layout-constrained\">\n<div class=\"wp-block-columns alignwide is-layout-flex wp-container-core-columns-is-layout-7ee84d44 wp-block-columns-is-layout-flex\">\n<div class=\"wp-block-column is-layout-flow wp-block-column-is-layout-flow\" style=\"flex-basis:65%\">\n<div class=\"wp-block-group is-vertical is-content-justification-stretch is-layout-flex wp-container-core-group-is-layout-353c4f5a wp-block-group-is-layout-flex\">\n<h2 class=\"wp-block-heading has-text-align-left\" style=\"font-size:clamp(8.042rem, 8.042rem + ((1vw - 0.2rem) * 21.895), 22rem);font-style:normal;font-weight:300;letter-spacing:-0.03em;line-height:1.4\">trh<\/h2>\n\n\n\n<p class=\"has-text-align-center is-style-text-subtitle is-style-text-subtitle--1\">A <strong>terapia de reposi\u00e7\u00e3o hormonal<\/strong>, quando indicada, pode ajudar a aliviar sintomas comuns do climat\u00e9rio e da menopausa, como ondas de calor, altera\u00e7\u00f5es do sono, irritabilidade, diminui\u00e7\u00e3o da libido e ressecamento vaginal. O tratamento \u00e9 sempre individualizado, baseado na avalia\u00e7\u00e3o cl\u00ednica, hist\u00f3rico de sa\u00fade e necessidades de cada mulher, com o objetivo de promover mais equil\u00edbrio hormonal e qualidade de vida.<\/p>\n<\/div>\n<\/div>\n\n\n\n<div class=\"wp-block-column is-layout-flow wp-block-column-is-layout-flow\" style=\"flex-basis:35%\">\n<div class=\"wp-block-group is-vertical is-content-justification-stretch is-nowrap is-layout-flex wp-container-core-group-is-layout-73b0033c wp-block-group-is-layout-flex\">\n<figure class=\"wp-block-image size-full\"><img loading=\"lazy\" decoding=\"async\" width=\"619\" height=\"768\" src=\"https:\/\/drakarolinnaugarte.com\/wp-content\/uploads\/2026\/03\/WhatsApp-Image-2026-03-11-at-11.12.51-1-2-edited.jpeg\" alt=\"\" class=\"wp-image-27\" style=\"aspect-ratio:3\/4;object-fit:cover\" srcset=\"https:\/\/drakarolinnaugarte.com\/wp-content\/uploads\/2026\/03\/WhatsApp-Image-2026-03-11-at-11.12.51-1-2-edited.jpeg 619w, https:\/\/drakarolinnaugarte.com\/wp-content\/uploads\/2026\/03\/WhatsApp-Image-2026-03-11-at-11.12.51-1-2-edited-242x300.jpeg 242w\" sizes=\"auto, (max-width: 619px) 100vw, 619px\" \/><\/figure>\n\n\n\n<p class=\"has-text-align-right has-x-large-font-size\" style=\"line-height:1.2\"><br><\/p>\n<\/div>\n<\/div>\n<\/div>\n<\/div><\/div>\n\n\n\n<div class=\"wp-block-group is-layout-grid wp-container-core-group-is-layout-478b6e6b wp-block-group-is-layout-grid\">\n<div class=\"wp-block-buttons is-content-justification-center is-layout-flex wp-container-core-buttons-is-layout-1fb448e7 wp-block-buttons-is-layout-flex\">\n<div class=\"wp-block-button\"><a class=\"wp-block-button__link wp-element-button\" href=\"https:\/\/drakarolinnaugarte.com\/plano-trimestral\/\">PLANO TRIMESTRAL<\/a><\/div>\n<\/div>\n\n\n\n<div class=\"wp-block-buttons is-layout-flex wp-block-buttons-is-layout-flex\">\n<div class=\"wp-block-button\"><a class=\"wp-block-button__link wp-element-button\" href=\"https:\/\/drakarolinnaugarte.com\/terapia-hormonal\/plano-semestral\/\">PLANO SEMESTRAL<\/a><\/div>\n<\/div>\n\n\n\n<div class=\"wp-block-buttons is-layout-flex wp-block-buttons-is-layout-flex\">\n<div class=\"wp-block-button\"><a class=\"wp-block-button__link wp-element-button\" href=\"https:\/\/drakarolinnaugarte.com\/plano-anual-2\/\">PLANO ANUAL<\/a><\/div>\n<\/div>\n<\/div>\n\n\n\n<p><\/p>\n","protected":false},"excerpt":{"rendered":"","protected":false},"author":1,"featured_media":0,"parent":0,"menu_order":0,"comment_status":"closed","ping_status":"closed","template":"","meta":{"footnotes":""},"class_list":["post-11","page","type-page","status-publish","hentry"],"_hostinger_reach_plugin_has_subscription_block":false,"_hostinger_reach_plugin_is_elementor":false,"_links":{"self":[{"href":"https:\/\/drakarolinnaugarte.com\/index.php?rest_route=\/wp\/v2\/pages\/11","targetHints":{"allow":["GET"]}}],"collection":[{"href":"https:\/\/drakarolinnaugarte.com\/index.php?rest_route=\/wp\/v2\/pages"}],"about":[{"href":"https:\/\/drakarolinnaugarte.com\/index.php?rest_route=\/wp\/v2\/types\/page"}],"author":[{"embeddable":true,"href":"https:\/\/drakarolinnaugarte.com\/index.php?rest_route=\/wp\/v2\/users\/1"}],"replies":[{"embeddable":true,"href":"https:\/\/drakarolinnaugarte.com\/index.php?rest_route=%2Fwp%2Fv2%2Fcomments&post=11"}],"version-history":[{"count":5,"href":"https:\/\/drakarolinnaugarte.com\/index.php?rest_route=\/wp\/v2\/pages\/11\/revisions"}],"predecessor-version":[{"id":61,"href":"https:\/\/drakarolinnaugarte.com\/index.php?rest_route=\/wp\/v2\/pages\/11\/revisions\/61"}],"wp:attachment":[{"href":"https:\/\/drakarolinnaugarte.com\/index.php?rest_route=%2Fwp%2Fv2%2Fmedia&parent=11"}],"curies":[{"name":"wp","href":"https:\/\/api.w.org\/{rel}","templated":true}]}}